{"id":135,"date":"2015-06-23T14:21:07","date_gmt":"2015-06-23T12:21:07","guid":{"rendered":"http:\/\/www.studioms.at\/03-trend\/?page_id=135"},"modified":"2019-07-03T14:05:37","modified_gmt":"2019-07-03T12:05:37","slug":"authentifizierung","status":"publish","type":"page","link":"https:\/\/www.alpinglobaltrend.at\/","title":{"rendered":"Authentifizierung"},"content":{"rendered":"<p>[et_pb_section bb_built=&#8220;1&#8243; admin_label=&#8220;section&#8220; _builder_version=&#8220;3.0.47&#8243;][et_pb_row admin_label=&#8220;row&#8220; _builder_version=&#8220;3.0.47&#8243; background_size=&#8220;initial&#8220; background_position=&#8220;top_left&#8220; background_repeat=&#8220;repeat&#8220;][et_pb_column type=&#8220;4_4&#8243;][et_pb_text text_orientation=&#8220;center&#8220; _builder_version=&#8220;3.0.66&#8243; background_size=&#8220;initial&#8220; background_position=&#8220;top_left&#8220; background_repeat=&#8220;repeat&#8220; background_layout=&#8220;light&#8220; border_style=&#8220;solid&#8220;]<\/p>\n<h1><span style=\"color: #2d578b;\">Bitte lesen Sie die nachfolgenden Hinweise, bevor Sie die Website besuchen:<\/span><\/h1>\n<p><span style=\"color: #2d578b;\">Diese Website wurde ausschlie\u00dflich zu Informationszwecken erstellt, in der Vergangenheit erzielte Ergebnisse lassen keine R\u00fcckschl\u00fcsse auf zuk\u00fcnftige Wertentwicklungen zu. Die Kurse des Alpin Global Trends k\u00f6nnen gegen\u00fcber dem Erstausgabepreis steigen oder fallen. Dadurch k\u00f6nnen Anlegerinnen und Anleger das investierte Kapital nicht zur G\u00e4nze zur\u00fcckerhalten. Beim Plan zum Kauf dieses Fonds wird ein ausf\u00fchrliches Gespr\u00e4ch mit der Bank oder einer Verm\u00f6gensberaterin\/einem Verm\u00f6gensberater empfohlen. Diese Website kann eine eingehende Beratung nicht ersetzen. Die Ausgabe- und R\u00fccknahmespesen werden in der Performanceberechnung nicht ber\u00fccksichtigt, ein Teil des Ausgabezuschlags geht an die Bank oder die Verm\u00f6gensberaterin\/den Verm\u00f6gensberater. Die Verwaltungsverg\u00fctung kann eine Vertriebsprovision beinhalten, gegebenenfalls teilweise die Bank oder Verm\u00f6gensberater erhalten. Der ver\u00f6ffentlichte Prospekt des Alpin Global Trend in seiner aktuellen Fassung inklusive s\u00e4mtlicher \u00c4nderungen seit Erstverlautbarung (Kundmachung im &#8222;Amtsblatt zur Wiener Zeitung&#8220;) stehen Interessenten bei der Semper Constantia Invest GmbH und der Lichtensteinischen Landesbank (\u00d6sterreich) AG, beide in A-1010 Wien, He\u00df\u009fgasse 1, zur Verf\u00fcgung und sind auch unter www.sc-invest.at abrufbar. Die steuerliche Behandlung von Ertr\u00e4gen und Kursgewinnen oder Kursverlusten aus dem Fonds sind im Zweifelsfall mit Steuerberaterin oder Steuerberater zu kl\u00e4ren.<\/span><\/p>\n<p><span style=\"color: #2d578b;\">Alle Angaben ohne Gew\u00e4hr. Es wird keine Haftung f\u00fcr etwaige Verluste \u00fcbernommen. Diese unverbindliche Marketingmitteilung stellt kein Angebot und auch keine Aufforderung zu einem Angebot f\u00fcr einen Vertragsabschluss dar. Es gelten nur die Bedingungen des Verkaufsprospektes.<\/span><\/p>\n<p>[\/et_pb_text][\/et_pb_column][\/et_pb_row][et_pb_row admin_label=&#8220;row&#8220; _builder_version=&#8220;3.0.47&#8243; background_size=&#8220;initial&#8220; background_position=&#8220;top_left&#8220; background_repeat=&#8220;repeat&#8220;][et_pb_column type=&#8220;1_2&#8243;]<div class=\"et_pb_promo et_pb_bg_layout_light et_pb_text_align_center et_pb_no_bg\">\n\t\t\t<div class=\"et_pb_promo_description\">\n\t\t\t\t\n\t\t\t\t\n\t\t\t<\/div>\n\t\t\t<a class=\"et_pb_promo_button\" href=\"http:\/\/www.alpinglobaltrend.at\/?page_id=68\">Ja, ich akzeptiere die Hinweise<\/a>\n\t\t<\/div>[\/et_pb_column][et_pb_column type=&#8220;1_2&#8243;]<div class=\"et_pb_promo et_pb_bg_layout_light et_pb_text_align_center et_pb_no_bg\">\n\t\t\t<div class=\"et_pb_promo_description\">\n\t\t\t\t\n\t\t\t\t\n\t\t\t<\/div>\n\t\t\t<a class=\"et_pb_promo_button\" href=\"http:\/\/www.alpinglobaltrend.at\/?page_id=136\">Nein, ablehnen<\/a>\n\t\t<\/div>[\/et_pb_column][\/et_pb_row][\/et_pb_section]<\/p>\n","protected":false},"excerpt":{"rendered":"<p>Bitte lesen Sie die nachfolgenden Hinweise, bevor Sie die Website besuchen: Diese Website wurde ausschlie\u00dflich zu Informationszwecken erstellt, in der Vergangenheit erzielte Ergebnisse lassen keine R\u00fcckschl\u00fcsse auf zuk\u00fcnftige Wertentwicklungen zu. Die Kurse des Alpin Global Trends k\u00f6nnen gegen\u00fcber dem Erstausgabepreis steigen oder fallen. Dadurch k\u00f6nnen Anlegerinnen und Anleger das investierte Kapital nicht zur G\u00e4nze zur\u00fcckerhalten. [&hellip;]<\/p>\n","protected":false},"author":1,"featured_media":0,"parent":0,"menu_order":0,"comment_status":"open","ping_status":"open","template":"page-template-blank.php","meta":{"_et_pb_use_builder":"on","_et_pb_old_content":"","_et_gb_content_width":""},"_links":{"self":[{"href":"https:\/\/www.alpinglobaltrend.at\/index.php?rest_route=\/wp\/v2\/pages\/135"}],"collection":[{"href":"https:\/\/www.alpinglobaltrend.at\/index.php?rest_route=\/wp\/v2\/pages"}],"about":[{"href":"https:\/\/www.alpinglobaltrend.at\/index.php?rest_route=\/wp\/v2\/types\/page"}],"author":[{"embeddable":true,"href":"https:\/\/www.alpinglobaltrend.at\/index.php?rest_route=\/wp\/v2\/users\/1"}],"replies":[{"embeddable":true,"href":"https:\/\/www.alpinglobaltrend.at\/index.php?rest_route=%2Fwp%2Fv2%2Fcomments&post=135"}],"version-history":[{"count":16,"href":"https:\/\/www.alpinglobaltrend.at\/index.php?rest_route=\/wp\/v2\/pages\/135\/revisions"}],"predecessor-version":[{"id":547,"href":"https:\/\/www.alpinglobaltrend.at\/index.php?rest_route=\/wp\/v2\/pages\/135\/revisions\/547"}],"wp:attachment":[{"href":"https:\/\/www.alpinglobaltrend.at\/index.php?rest_route=%2Fwp%2Fv2%2Fmedia&parent=135"}],"curies":[{"name":"wp","href":"https:\/\/api.w.org\/{rel}","templated":true}]}}